{"id":12,"date":"2025-10-11T14:36:44","date_gmt":"2025-10-11T12:36:44","guid":{"rendered":"https:\/\/dahirayurmeende.com\/?page_id=12"},"modified":"2025-10-11T15:55:28","modified_gmt":"2025-10-11T13:55:28","slug":"accueil","status":"publish","type":"page","link":"https:\/\/dahirayurmeende.com\/","title":{"rendered":"Accueil"},"content":{"rendered":"\n<div class=\"wp-block-cover alignfull has-medium-font-size\" style=\"margin-top:0;margin-bottom:0;padding-top:0;padding-right:0;padding-bottom:0;padding-left:0;min-height:460px;aspect-ratio:unset;\"><span aria-hidden=\"true\" class=\"wp-block-cover__background has-background-dim-100 has-background-dim\" style=\"background-color:#0d4c2e\"><\/span><div class=\"wp-block-cover__inner-container is-layout-flow wp-block-cover-is-layout-flow\">\n<div class=\"inherit-container-width wp-block-group alignwide is-layout-constrained wp-block-group-is-layout-constrained\">\n<div class=\"wp-block-media-text alignfull has-media-on-the-right is-stacked-on-mobile is-vertically-aligned-center\" style=\"grid-template-columns:auto 31%\"><div class=\"wp-block-media-text__content\">\n<h1 class=\"wp-block-heading alignfull has-text-align-center has-ast-global-color-7-color has-text-color has-x-large-font-size\"><strong>Dahira Yurmeende<\/strong><\/h1>\n\n\n\n<p class=\"has-text-align-center has-white-color has-text-color has-large-font-size\"><strong><strong>11\u00e8me \u00e9dition Ziarra<\/strong><\/strong><\/p>\n\n\n\n<p class=\"has-text-align-center has-white-color has-text-color has-ast-global-color-7-color has-link-color has-medium-font-size wp-elements-2305ba932af0b8561917fff08397b80c\">Cheikh Oumar\u2019Al Foutiyou TALL<\/p>\n\n\n\n<p class=\"has-text-align-center has-white-color has-text-color has-ast-global-color-7-color has-link-color has-medium-font-size wp-elements-d6d6ff8d89ca04dabd5d4af5b30bf1cb\" style=\"padding-top:0;padding-bottom:0\">Thierno Madani Mountaga TALL<\/p>\n\n\n\n<p class=\"has-text-align-center has-white-color has-text-color has-medium-font-size\">Le 1er novembre 2025 <strong><em>\u00e0 la mosqu\u00e9e de Cergy<\/em><\/strong> <\/p>\n\n\n\n<p class=\"has-text-align-center has-white-color has-text-color has-medium-font-size\">\ud83d\udd51 <strong>De 14h00 \u00e0 22h00<\/strong><br><\/p>\n\n\n\n<div class=\"wp-block-buttons alignwide is-layout-flex wp-block-buttons-is-layout-flex\">\n<div class=\"wp-block-button has-custom-width wp-block-button__width-100 is-style-fill\"><a class=\"wp-block-button__link has-ast-global-color-6-color has-text-color has-background has-link-color has-text-align-center wp-element-button\" href=\"#\" style=\"background-color:#0d4c2e\">BULLETIN D\u2019ADH\u00c9SION<\/a><\/div>\n<\/div>\n<\/div><figure class=\"wp-block-media-text__media\"><img loading=\"lazy\" decoding=\"async\" width=\"469\" height=\"623\" src=\"http:\/\/dahirayurmeende.com\/wp-content\/uploads\/2025\/10\/ab-e1760186818845.png\" alt=\"\" class=\"wp-image-30 size-full\" srcset=\"https:\/\/dahirayurmeende.com\/wp-content\/uploads\/2025\/10\/ab-e1760186818845.png 469w, https:\/\/dahirayurmeende.com\/wp-content\/uploads\/2025\/10\/ab-e1760186818845-226x300.png 226w\" sizes=\"auto, (max-width: 469px) 100vw, 469px\" \/><\/figure><\/div>\n<\/div>\n<\/div><\/div>\n\n\n\n<div class=\"wp-block-group alignfull has-ast-global-color-5-background-color has-background is-layout-constrained wp-container-core-group-is-layout-94d206d0 wp-block-group-is-layout-constrained\" id=\"about\" style=\"padding-top:143px;padding-bottom:144px\">\n<div class=\"wp-block-media-text has-media-on-the-right is-stacked-on-mobile is-vertically-aligned-center\" style=\"grid-template-columns:auto 30%\"><div class=\"wp-block-media-text__content\">\n<div class=\"inherit-container-width wp-block-group is-layout-constrained wp-container-core-group-is-layout-47ce07ec wp-block-group-is-layout-constrained\" style=\"padding-right:80px\">\n<h3 class=\"wp-block-heading has-text-color has-link-color has-large-font-size wp-elements-175b326a8701734bb047f53e90526bc8\" style=\"color:#0d4c2e;padding-right:40px\">Education, Paix &amp; Solidarit\u00e9<\/h3>\n\n\n\n<p class=\"has-text-align-left has-medium-font-size\"><strong>Unis par la foi, engag\u00e9s pour demain <\/strong><\/p>\n\n\n\n<blockquote class=\"wp-block-quote is-layout-flow wp-block-quote-is-layout-flow\">\n<p><strong><em>\u00ab\u00a0La fraternit\u00e9 est le parfum de la foi : elle se r\u00e9pand l\u00e0 o\u00f9 les c\u0153urs s\u2019ouvrent et les mains se tendent\u00a0\u00bb<\/em><\/strong><\/p>\n\n\n\n<p>Cheikh Elhadj Oumar\u2019Al Foutiyou Tall<\/p>\n<\/blockquote>\n\n\n\n<p><\/p>\n<\/div>\n<\/div><figure class=\"wp-block-media-text__media\"><img loading=\"lazy\" decoding=\"async\" width=\"512\" height=\"512\" src=\"http:\/\/dahirayurmeende.com\/wp-content\/uploads\/2025\/10\/cropped-LOGO.png\" alt=\"\" class=\"wp-image-7 size-full\" srcset=\"https:\/\/dahirayurmeende.com\/wp-content\/uploads\/2025\/10\/cropped-LOGO.png 512w, https:\/\/dahirayurmeende.com\/wp-content\/uploads\/2025\/10\/cropped-LOGO-300x300.png 300w, https:\/\/dahirayurmeende.com\/wp-content\/uploads\/2025\/10\/cropped-LOGO-150x150.png 150w, https:\/\/dahirayurmeende.com\/wp-content\/uploads\/2025\/10\/cropped-LOGO-270x270.png 270w, https:\/\/dahirayurmeende.com\/wp-content\/uploads\/2025\/10\/cropped-LOGO-192x192.png 192w, https:\/\/dahirayurmeende.com\/wp-content\/uploads\/2025\/10\/cropped-LOGO-180x180.png 180w, https:\/\/dahirayurmeende.com\/wp-content\/uploads\/2025\/10\/cropped-LOGO-32x32.png 32w\" sizes=\"auto, (max-width: 512px) 100vw, 512px\" \/><\/figure><\/div>\n<\/div>\n\n\n\n<div class=\"wp-block-group alignfull has-ast-global-color-4-background-color has-background is-layout-constrained wp-container-core-group-is-layout-f43b1d2b wp-block-group-is-layout-constrained\" id=\"reviews\">\n<p class=\"has-text-align-center has-ast-global-color-8-color has-text-color has-link-color wp-elements-451f1fef271d5f7f707d0bd95cabaf3a\" style=\"font-size:22px;line-height:1.6\"><em><strong>Cette journ\u00e9e de communion, de recueillement et de pri\u00e8res, aura lieu le samedi 01\/11\/2025, \u00e0 la Salle de grande Mosqu\u00e9e de Cergy.<\/strong><\/em><\/p>\n\n\n\n<p class=\"has-text-align-center\"><em>Dahira Yurmeende, Dental Thierno Madani Mountaga TALL, a pour but, de mener des actions \u00e9ducatives, culturelles et sociales, d\u2019ouvrir des espaces de rencontres pour explorer et vulgariser les enseignements de nos \u00e9rudits, la m\u00e9moire collective du bassin soudano-sah\u00e9lien et les interconnexions r\u00e9gionales par -del\u00e0 les fronti\u00e8res pour le rapprochement des disciples d\u2019Elhadj Oumar Al FoutiyouTall, des foyers de la Tidjaniya, de la lign\u00e9e des Halayb\u00e9, du Foutank\u00e9 en g\u00e9n\u00e9ral et de l\u2019Afrique et de sa diaspora tout en \u0153uvrant pour la promotion de l\u2019\u00e9ducation, du dialogue des cultures et des religions, de la culture de la Paix et du d\u00e9veloppement humain durable et solidaire.<\/em><\/p>\n\n\n\n<p class=\"has-text-align-center\"><em>D\u2019\u00e9minents \u00e9rudits, hommes de culture et de savoirs, aborderont sous diff\u00e9rents angles, des th\u00e8mes divers et vari\u00e9s favorisant la coh\u00e9sion sociale des diff\u00e9rents acteurs, leur int\u00e9gration dans une terre d\u2019accueil sans toutefois renier \u00e0 leurs valeurs culturelles et religieuses.<\/em><\/p>\n\n\n\n<p class=\"has-text-align-center\"><em>Un r\u00e9cital collectif du Coran, des pri\u00e8res et chants religieux ponctueront aussi le programme de la journ\u00e9e. Les diff\u00e9rents expos\u00e9s permettront aux participants, notamment la jeune g\u00e9n\u00e9ration de mieux appr\u00e9hender les valeurs de l\u2019Islam, religion de paix, de dialogue, de tol\u00e9rance, de fraternit\u00e9, d\u2019humanisme et de solidarit\u00e9.<\/em><em><\/em><\/p>\n\n\n\n<p class=\"has-text-align-center\" style=\"font-size:15px;line-height:1.6\"><em>Votre participation nous parait essentielle. C\u2019est la raison pour laquelle nous comptons sur votre pr\u00e9sence, votre force de proposition et votre soutien, pour la r\u00e9ussite de cet \u00e9v\u00e8nement de dimension mondiale. Comme les ann\u00e9es pr\u00e9c\u00e9dentes nous utiliserons des modes de communication vari\u00e9s pour associer de nombreux participants contributeurs \u00e0 diff\u00e9rents endroits du monde.<\/em><em><\/em><\/p>\n\n\n\n<p class=\"has-text-align-center\"><\/p>\n<\/div>\n\n\n\n<div class=\"wp-block-group alignfull is-content-justification-space-between is-layout-flex wp-container-core-group-is-layout-83af0991 wp-block-group-is-layout-flex\" style=\"margin-top:0;margin-bottom:0;padding-top:var(--wp--preset--spacing--50);padding-right:var(--wp--preset--spacing--30);padding-bottom:var(--wp--preset--spacing--50);padding-left:var(--wp--preset--spacing--30)\"><\/div>\n\n\n\n<div class=\"wp-block-group alignfull has-background is-layout-constrained wp-container-core-group-is-layout-4f348092 wp-block-group-is-layout-constrained\" id=\"contact\" style=\"background-color:#0d4c2e;padding-top:104px;padding-bottom:104px\">\n<h2 class=\"wp-block-heading has-text-align-center has-text-color\" style=\"color:#ffffff\">Adh\u00e9sion <\/h2>\n\n\n\n<p class=\"has-text-align-center has-ast-global-color-5-color has-text-color has-link-color has-small-font-size wp-elements-dcc453287155679e6b75aad4d74234e9\" style=\"padding-right:var(--wp--preset--spacing--80);padding-left:var(--wp--preset--spacing--80)\"><strong>Pour adh\u00e9rer ou soutenir Dahira Yurmeende Cheikh Oumar Al Foutiyou TALL, Dental Thierno Madani Mountaga TALL pour l\u2019\u00e9ducation, la Paix et la Solidarit\u00e9, merci d\u2019\u00e9crire \u00e0 : dental.yurmeende@gmail.com ou de contacter le coordinateur : Cheikh Oumar DIA, 06 51 92 20 59 ou le secr\u00e9taire g\u00e9n\u00e9ral, M. Aliou Dia, au 06 64 32 40 97.<\/strong><\/p>\n\n\n\n<div class=\"wp-block-buttons alignwide is-horizontal is-content-justification-center is-layout-flex wp-container-core-buttons-is-layout-bba8380a wp-block-buttons-is-layout-flex\" style=\"margin-top:50px\">\n<div class=\"wp-block-button\"><a class=\"wp-block-button__link wp-element-button\">BULLETIN D\u2019ADH\u00c9SION<\/a><\/div>\n<\/div>\n<\/div>\n\n\n\n<div class=\"wp-block-group wp-container-content-9cfa9a5a is-vertical is-content-justification-center is-layout-flex wp-container-core-group-is-layout-f9a93ed8 wp-block-group-is-layout-flex\">\n<p class=\"has-text-align-left\">\u00c0 partir de la gare de Cergy- le -Haut, <\/p>\n\n\n\n<p class=\"has-text-align-left\">prendre Bus 1206, arr\u00eat H\u00e9rons<\/p>\n\n\n\n<div style=\"height:0px\" aria-hidden=\"true\" class=\"wp-block-spacer wp-container-content-541a6b20\"><\/div>\n<\/div>\n","protected":false},"excerpt":{"rendered":"<p>Education, Paix &amp; Solidarit\u00e9 Unis par la foi, engag\u00e9s pour demain \u00ab\u00a0La fraternit\u00e9 est le parfum de la foi : [&hellip;]<\/p>\n","protected":false},"author":1,"featured_media":0,"parent":0,"menu_order":0,"comment_status":"closed","ping_status":"closed","template":"","meta":{"site-sidebar-layout":"no-sidebar","site-content-layout":"plain-container","ast-site-content-layout":"default","site-content-style":"default","site-sidebar-style":"default","ast-global-header-display":"","ast-banner-title-visibility":"","ast-main-header-display":"","ast-hfb-above-header-display":"","ast-hfb-below-header-display":"","ast-hfb-mobile-header-display":"","site-post-title":"disabled","ast-breadcrumbs-content":"","ast-featured-img":"","footer-sml-layout":"","theme-transparent-header-meta":"enabled","adv-header-id-meta":"","stick-header-meta":"","header-above-stick-meta":"","header-main-stick-meta":"","header-below-stick-meta":"","astra-migrate-meta-layouts":"default","ast-page-background-enabled":"default","ast-page-background-meta":{"desktop":{"background-color":"var(--ast-global-color-5)","background-image":"","background-repeat":"repeat","background-position":"center center","background-size":"auto","background-attachment":"scroll","background-type":"","background-media":"","overlay-type":"","overlay-color":"","overlay-opacity":"","overlay-gradient":""},"tablet":{"background-color":"","background-image":"","background-repeat":"repeat","background-position":"center center","background-size":"auto","background-attachment":"scroll","background-type":"","background-media":"","overlay-type":"","overlay-color":"","overlay-opacity":"","overlay-gradient":""},"mobile":{"background-color":"","background-image":"","background-repeat":"repeat","background-position":"center center","background-size":"auto","background-attachment":"scroll","background-type":"","background-media":"","overlay-type":"","overlay-color":"","overlay-opacity":"","overlay-gradient":""}},"ast-content-background-meta":{"desktop":{"background-color":"var(--ast-global-color-4)","background-image":"","background-repeat":"repeat","background-position":"center center","background-size":"auto","background-attachment":"scroll","background-type":"","background-media":"","overlay-type":"","overlay-color":"","overlay-opacity":"","overlay-gradient":""},"tablet":{"background-color":"var(--ast-global-color-4)","background-image":"","background-repeat":"repeat","background-position":"center center","background-size":"auto","background-attachment":"scroll","background-type":"","background-media":"","overlay-type":"","overlay-color":"","overlay-opacity":"","overlay-gradient":""},"mobile":{"background-color":"var(--ast-global-color-4)","background-image":"","background-repeat":"repeat","background-position":"center center","background-size":"auto","background-attachment":"scroll","background-type":"","background-media":"","overlay-type":"","overlay-color":"","overlay-opacity":"","overlay-gradient":""}},"footnotes":""},"class_list":["post-12","page","type-page","status-publish","hentry"],"_links":{"self":[{"href":"https:\/\/dahirayurmeende.com\/index.php\/wp-json\/wp\/v2\/pages\/12","targetHints":{"allow":["GET"]}}],"collection":[{"href":"https:\/\/dahirayurmeende.com\/index.php\/wp-json\/wp\/v2\/pages"}],"about":[{"href":"https:\/\/dahirayurmeende.com\/index.php\/wp-json\/wp\/v2\/types\/page"}],"author":[{"embeddable":true,"href":"https:\/\/dahirayurmeende.com\/index.php\/wp-json\/wp\/v2\/users\/1"}],"replies":[{"embeddable":true,"href":"https:\/\/dahirayurmeende.com\/index.php\/wp-json\/wp\/v2\/comments?post=12"}],"version-history":[{"count":11,"href":"https:\/\/dahirayurmeende.com\/index.php\/wp-json\/wp\/v2\/pages\/12\/revisions"}],"predecessor-version":[{"id":44,"href":"https:\/\/dahirayurmeende.com\/index.php\/wp-json\/wp\/v2\/pages\/12\/revisions\/44"}],"wp:attachment":[{"href":"https:\/\/dahirayurmeende.com\/index.php\/wp-json\/wp\/v2\/media?parent=12"}],"curies":[{"name":"wp","href":"https:\/\/api.w.org\/{rel}","templated":true}]}}